{"id":209,"date":"2025-06-05T12:48:42","date_gmt":"2025-06-05T10:48:42","guid":{"rendered":"https:\/\/wp.sp.akarimi.bhakwien10.schulwebspace.at\/?post_type=product&#038;p=209"},"modified":"2025-06-05T12:48:42","modified_gmt":"2025-06-05T10:48:42","slug":"veganer-dueruem","status":"publish","type":"product","link":"https:\/\/wp.sp.akarimi.bhakwien10.schulwebspace.at\/?product=veganer-dueruem","title":{"rendered":"Veganer D\u00fcr\u00fcm"},"content":{"rendered":"<p>Ein <strong data-start=\"4\" data-end=\"21\">veganer D\u00fcr\u00fcm<\/strong> ist ein herzhafter Wrap aus einem d\u00fcnnen Fladenbrot, gef\u00fcllt mit rein pflanzlichen Zutaten. Statt Fleisch kommen gew\u00fcrzte vegane Alternativen wie Seitan, Sojaschnetzel oder Gem\u00fcse-Schawarma hinein. Dazu gibt es knackigen Salat, Tomaten, Gurken, Zwiebeln und aromatische vegane Saucen wie Knoblauch- oder Kr\u00e4uterjoghurt. Der D\u00fcr\u00fcm ist s\u00e4ttigend, frisch und perfekt f\u00fcr unterwegs \u2013 ganz ohne tierische Produkte.<\/p>\n","protected":false},"excerpt":{"rendered":"<p>Ein veganer D\u00fcr\u00fcm ist ein herzhafter Wrap aus einem d\u00fcnnen Fladenbrot, gef\u00fcllt mit rein pflanzlichen Zutaten. Statt Fleisch kommen gew\u00fcrzte vegane Alternativen wie Seitan, Sojaschnetzel oder Gem\u00fcse-Schawarma hinein. Dazu gibt es knackigen Salat, Tomaten, Gurken, Zwiebeln und aromatische vegane Saucen wie Knoblauch- oder Kr\u00e4uterjoghurt. Der D\u00fcr\u00fcm ist s\u00e4ttigend, frisch und perfekt f\u00fcr unterwegs \u2013 ganz [&hellip;]<\/p>\n","protected":false},"featured_media":15,"comment_status":"open","ping_status":"closed","template":"","meta":[],"product_brand":[],"product_cat":[20],"product_tag":[],"class_list":{"0":"post-209","1":"product","2":"type-product","3":"status-publish","4":"has-post-thumbnail","6":"product_cat-hauptgerichte","8":"first","9":"instock","10":"taxable","11":"shipping-taxable","12":"purchasable","13":"product-type-simple"},"_links":{"self":[{"href":"https:\/\/wp.sp.akarimi.bhakwien10.schulwebspace.at\/index.php?rest_route=\/wp\/v2\/product\/209","targetHints":{"allow":["GET"]}}],"collection":[{"href":"https:\/\/wp.sp.akarimi.bhakwien10.schulwebspace.at\/index.php?rest_route=\/wp\/v2\/product"}],"about":[{"href":"https:\/\/wp.sp.akarimi.bhakwien10.schulwebspace.at\/index.php?rest_route=\/wp\/v2\/types\/product"}],"replies":[{"embeddable":true,"href":"https:\/\/wp.sp.akarimi.bhakwien10.schulwebspace.at\/index.php?rest_route=%2Fwp%2Fv2%2Fcomments&post=209"}],"wp:featuredmedia":[{"embeddable":true,"href":"https:\/\/wp.sp.akarimi.bhakwien10.schulwebspace.at\/index.php?rest_route=\/wp\/v2\/media\/15"}],"wp:attachment":[{"href":"https:\/\/wp.sp.akarimi.bhakwien10.schulwebspace.at\/index.php?rest_route=%2Fwp%2Fv2%2Fmedia&parent=209"}],"wp:term":[{"taxonomy":"product_brand","embeddable":true,"href":"https:\/\/wp.sp.akarimi.bhakwien10.schulwebspace.at\/index.php?rest_route=%2Fwp%2Fv2%2Fproduct_brand&post=209"},{"taxonomy":"product_cat","embeddable":true,"href":"https:\/\/wp.sp.akarimi.bhakwien10.schulwebspace.at\/index.php?rest_route=%2Fwp%2Fv2%2Fproduct_cat&post=209"},{"taxonomy":"product_tag","embeddable":true,"href":"https:\/\/wp.sp.akarimi.bhakwien10.schulwebspace.at\/index.php?rest_route=%2Fwp%2Fv2%2Fproduct_tag&post=209"}],"curies":[{"name":"wp","href":"https:\/\/api.w.org\/{rel}","templated":true}]}}