{"id":207,"date":"2025-06-05T12:46:25","date_gmt":"2025-06-05T10:46:25","guid":{"rendered":"https:\/\/wp.sp.akarimi.bhakwien10.schulwebspace.at\/?post_type=product&#038;p=207"},"modified":"2025-06-05T12:46:25","modified_gmt":"2025-06-05T10:46:25","slug":"voener","status":"publish","type":"product","link":"https:\/\/wp.sp.akarimi.bhakwien10.schulwebspace.at\/?product=voener","title":{"rendered":"V\u00f6ner"},"content":{"rendered":"<p>Ein <strong data-start=\"4\" data-end=\"13\">V\u00f6ner<\/strong> ist die vegane Variante des klassischen D\u00f6ners \u2013 ganz ohne Fleisch, aber voller Geschmack. Statt D\u00f6nerfleisch kommen hier marinierte, gew\u00fcrzte pflanzliche Streifen zum Einsatz, meist auf Basis von Seitan, Soja oder Erbsenprotein. Serviert wird der V\u00f6ner traditionell in einem knusprigen Fladenbrot mit frischem Salat, Tomaten, Gurken, Zwiebeln und einer veganen Joghurt- oder Knoblauchsauce. Ein herzhafter, pflanzlicher Streetfood-Klassiker!<\/p>\n","protected":false},"excerpt":{"rendered":"<p>Ein V\u00f6ner ist die vegane Variante des klassischen D\u00f6ners \u2013 ganz ohne Fleisch, aber voller Geschmack. Statt D\u00f6nerfleisch kommen hier marinierte, gew\u00fcrzte pflanzliche Streifen zum Einsatz, meist auf Basis von Seitan, Soja oder Erbsenprotein. Serviert wird der V\u00f6ner traditionell in einem knusprigen Fladenbrot mit frischem Salat, Tomaten, Gurken, Zwiebeln und einer veganen Joghurt- oder Knoblauchsauce. [&hellip;]<\/p>\n","protected":false},"featured_media":18,"comment_status":"open","ping_status":"closed","template":"","meta":[],"product_brand":[],"product_cat":[20],"product_tag":[],"class_list":{"0":"post-207","1":"product","2":"type-product","3":"status-publish","4":"has-post-thumbnail","6":"product_cat-hauptgerichte","8":"first","9":"instock","10":"taxable","11":"shipping-taxable","12":"purchasable","13":"product-type-simple"},"_links":{"self":[{"href":"https:\/\/wp.sp.akarimi.bhakwien10.schulwebspace.at\/index.php?rest_route=\/wp\/v2\/product\/207","targetHints":{"allow":["GET"]}}],"collection":[{"href":"https:\/\/wp.sp.akarimi.bhakwien10.schulwebspace.at\/index.php?rest_route=\/wp\/v2\/product"}],"about":[{"href":"https:\/\/wp.sp.akarimi.bhakwien10.schulwebspace.at\/index.php?rest_route=\/wp\/v2\/types\/product"}],"replies":[{"embeddable":true,"href":"https:\/\/wp.sp.akarimi.bhakwien10.schulwebspace.at\/index.php?rest_route=%2Fwp%2Fv2%2Fcomments&post=207"}],"wp:featuredmedia":[{"embeddable":true,"href":"https:\/\/wp.sp.akarimi.bhakwien10.schulwebspace.at\/index.php?rest_route=\/wp\/v2\/media\/18"}],"wp:attachment":[{"href":"https:\/\/wp.sp.akarimi.bhakwien10.schulwebspace.at\/index.php?rest_route=%2Fwp%2Fv2%2Fmedia&parent=207"}],"wp:term":[{"taxonomy":"product_brand","embeddable":true,"href":"https:\/\/wp.sp.akarimi.bhakwien10.schulwebspace.at\/index.php?rest_route=%2Fwp%2Fv2%2Fproduct_brand&post=207"},{"taxonomy":"product_cat","embeddable":true,"href":"https:\/\/wp.sp.akarimi.bhakwien10.schulwebspace.at\/index.php?rest_route=%2Fwp%2Fv2%2Fproduct_cat&post=207"},{"taxonomy":"product_tag","embeddable":true,"href":"https:\/\/wp.sp.akarimi.bhakwien10.schulwebspace.at\/index.php?rest_route=%2Fwp%2Fv2%2Fproduct_tag&post=207"}],"curies":[{"name":"wp","href":"https:\/\/api.w.org\/{rel}","templated":true}]}}