{"id":206,"date":"2025-06-05T12:34:52","date_gmt":"2025-06-05T10:34:52","guid":{"rendered":"https:\/\/wp.sp.akarimi.bhakwien10.schulwebspace.at\/?post_type=product&#038;p=206"},"modified":"2025-06-05T12:42:18","modified_gmt":"2025-06-05T10:42:18","slug":"burger","status":"publish","type":"product","link":"https:\/\/wp.sp.akarimi.bhakwien10.schulwebspace.at\/?product=burger","title":{"rendered":"Burger"},"content":{"rendered":"<p>Ein veganer Burger ist ein pflanzlicher Genuss ohne tierische Produkte. Er besteht typischerweise aus einem saftigen Patty auf Basis von H\u00fclsenfr\u00fcchten, Soja, Pilzen oder Erbsenprotein. Dazu kommen frisches Gem\u00fcse wie Tomaten, Salat und Zwiebeln sowie vegane Saucen und ein weiches, meist ebenfalls veganes Br\u00f6tchen. Geschmackvoll, nachhaltig und ideal f\u00fcr alle, die tierfrei genie\u00dfen m\u00f6chten.<\/p>\n","protected":false},"excerpt":{"rendered":"<p>Ein veganer Burger ist ein pflanzlicher Genuss ohne tierische Produkte. Er besteht typischerweise aus einem saftigen Patty auf Basis von H\u00fclsenfr\u00fcchten, Soja, Pilzen oder Erbsenprotein. Dazu kommen frisches Gem\u00fcse wie Tomaten, Salat und Zwiebeln sowie vegane Saucen und ein weiches, meist ebenfalls veganes Br\u00f6tchen. Geschmackvoll, nachhaltig und ideal f\u00fcr alle, die tierfrei genie\u00dfen m\u00f6chten.<\/p>\n","protected":false},"featured_media":35,"comment_status":"open","ping_status":"closed","template":"","meta":[],"product_brand":[],"product_cat":[20],"product_tag":[],"class_list":{"0":"post-206","1":"product","2":"type-product","3":"status-publish","4":"has-post-thumbnail","6":"product_cat-hauptgerichte","8":"first","9":"instock","10":"taxable","11":"shipping-taxable","12":"purchasable","13":"product-type-simple"},"_links":{"self":[{"href":"https:\/\/wp.sp.akarimi.bhakwien10.schulwebspace.at\/index.php?rest_route=\/wp\/v2\/product\/206","targetHints":{"allow":["GET"]}}],"collection":[{"href":"https:\/\/wp.sp.akarimi.bhakwien10.schulwebspace.at\/index.php?rest_route=\/wp\/v2\/product"}],"about":[{"href":"https:\/\/wp.sp.akarimi.bhakwien10.schulwebspace.at\/index.php?rest_route=\/wp\/v2\/types\/product"}],"replies":[{"embeddable":true,"href":"https:\/\/wp.sp.akarimi.bhakwien10.schulwebspace.at\/index.php?rest_route=%2Fwp%2Fv2%2Fcomments&post=206"}],"wp:featuredmedia":[{"embeddable":true,"href":"https:\/\/wp.sp.akarimi.bhakwien10.schulwebspace.at\/index.php?rest_route=\/wp\/v2\/media\/35"}],"wp:attachment":[{"href":"https:\/\/wp.sp.akarimi.bhakwien10.schulwebspace.at\/index.php?rest_route=%2Fwp%2Fv2%2Fmedia&parent=206"}],"wp:term":[{"taxonomy":"product_brand","embeddable":true,"href":"https:\/\/wp.sp.akarimi.bhakwien10.schulwebspace.at\/index.php?rest_route=%2Fwp%2Fv2%2Fproduct_brand&post=206"},{"taxonomy":"product_cat","embeddable":true,"href":"https:\/\/wp.sp.akarimi.bhakwien10.schulwebspace.at\/index.php?rest_route=%2Fwp%2Fv2%2Fproduct_cat&post=206"},{"taxonomy":"product_tag","embeddable":true,"href":"https:\/\/wp.sp.akarimi.bhakwien10.schulwebspace.at\/index.php?rest_route=%2Fwp%2Fv2%2Fproduct_tag&post=206"}],"curies":[{"name":"wp","href":"https:\/\/api.w.org\/{rel}","templated":true}]}}